{"id":6,"date":"2013-02-16T20:10:05","date_gmt":"2013-02-16T19:10:05","guid":{"rendered":"http:\/\/192.168.0.199:8000\/?page_id=2"},"modified":"2024-10-22T14:27:22","modified_gmt":"2024-10-22T12:27:22","slug":"o-me","status":"publish","type":"page","link":"https:\/\/loudat.cz\/kublog\/o-me\/","title":{"rendered":"O m\u011b"},"content":{"rendered":"<p><a href=\"https:\/\/loudat.cz\/jakub\/wp-content\/uploads\/2013\/02\/269894_1948445826921_1115830706_31943349_5936234_n.jpg\"><img loading=\"lazy\" decoding=\"async\" class=\"size-medium wp-image-243 alignleft\" src=\"http:\/\/fotopohotovost.cz\/wp-content\/uploads\/2013\/02\/269894_1948445826921_1115830706_31943349_5936234_n-200x300.jpg\" alt=\"Kubicq\" width=\"200\" height=\"300\" srcset=\"https:\/\/loudat.cz\/kublog\/wp-content\/uploads\/2013\/02\/269894_1948445826921_1115830706_31943349_5936234_n-200x300.jpg 200w, https:\/\/loudat.cz\/kublog\/wp-content\/uploads\/2013\/02\/269894_1948445826921_1115830706_31943349_5936234_n.jpg 480w\" sizes=\"auto, (max-width: 200px) 100vw, 200px\" \/><\/a>\u010casto nar\u00e1\u017e\u00edm na blogy, kter\u00e9 m\u011b obsahem zaujmou natolik, \u017ee bych se r\u00e1d dozv\u011bd\u011bl n\u011bco v\u00edce o jejich autorovi. Minim\u00e1ln\u011b alespo\u0148 odkud je. A kdy\u017e jsem se rozhl\u00e9dl po sv\u00e9m nov\u00e9m blogu, tato informace tu stejn\u011b jako na mnoh\u00fdch dal\u0161\u00edch osobn\u00edch str\u00e1nk\u00e1ch tak\u00e9 <del>chyb\u00ed<\/del> chyb\u011bla. Proto j\u00ed dopln\u00edm spolu s dal\u0161\u00edmi informacemi o m\u011b. N\u011bkoho to zaj\u00edmat m\u016f\u017ee.<\/p>\n<p>Bydl\u00edm v \u010cesk\u00fdch Bud\u011bjovic\u00edch, posledn\u00ed roky v Husov\u011b kolonii m\u00edstn\u011b naz\u00fdvan\u00e9 &#8222;Na \u010cin\u011b&#8220; <em>(tuto p\u016fvodn\u011b zahr\u00e1dk\u00e1\u0159skou kolonii m\u016f\u017eete hezky poznat p\u0159i loven\u00ed m\u00e9 ke\u0161ky &#8222;<a title=\"\u010c\u00ednsk\u00fd troj\u00faheln\u00edk\" href=\"http:\/\/coord.info\/GC3P87X\" target=\"_blank\" rel=\"noopener\">\u010c\u00ednsk\u00fd troj\u00faheln\u00edk<\/a>&#8222;).<\/em><\/p>\n<p>\u017div\u00edm se jako fotograf &#8211;\u00a0<a title=\"Profesion\u00e1ln\u00ed fotograf - svatby, plesy, firemn\u00ed akce, produkty\" href=\"http:\/\/www.fotoK5.cz\" target=\"_blank\" rel=\"noopener\">www.fotoK5.cz<\/a>\u00a0a WEBeloper &#8211; <a title=\"Vytvo\u0159\u00edm V\u00e1m PROFI-WEB.cz\" href=\"http:\/\/www.profi-web.cz\" target=\"_blank\" rel=\"noopener\">www.profi-web.cz<\/a>. Udr\u017euji n\u011bkolik mal\u00fdch www projekt\u016f, e-shop\u016f, katalog\u016f a b\u011b\u017en\u00fdch prezentac\u00ed. Trochu jsem to zast\u0159e\u0161il webem <a href=\"http:\/\/www.jlcreativestudio.cz\">www.jlcreativestudio.cz<\/a>, kdy\u017e jsem si v roce 2019 za\u0159\u00eddil kancel\u00e1\u0159 ve m\u011bst\u011b. Tam nakonec vyrostla i mal\u00e1 3D tiskov\u00e1\u00a0 farma (FDM i resin), tisky je mo\u017en\u00e9 i objednat na <a href=\"http:\/\/www.3Dportfolio.cz\">www.3Dportfolio.cz<\/a>.<\/p>\n<p><a href=\"http:\/\/fotopohotovost.cz\/category\/fotografovani\/\">Fotografov\u00e1n\u00ed<\/a> je tak\u00e9 m\u016fj velk\u00fd kon\u00ed\u010dek a krom\u011b n\u011bj m\u011b zaj\u00edm\u00e1 (mikro)elektronika &#8211; proto Arduino apod., poker &#8211; Texas Hold\u00b4em je m\u016fj \u0161\u00e1lek, muzika &#8211; aktivn\u00ed hran\u00ed na kytaru (folk, rock, metal) a kl\u00e1vesy (ko\u010dka leze d\u00edrou). Zaj\u00edmaj\u00ed m\u011b modern\u00ed technologie a jejich dobr\u00e9 vyu\u017eit\u00ed. Jsem trochu vep\u0159ovej, proto jsme si s p\u0159\u00edtelkyn\u00ed po\u0159\u00eddili psa &#8211; <a href=\"http:\/\/fotopohotovost.cz\/category\/ringo\/\">Ringo<\/a>\u00a0(v\u011bt\u0161ina z n\u011bj je JRT) a postupn\u011b jsme propadli <a href=\"http:\/\/fotopohotovost.cz\/category\/geohry\/geocaching\/\">Geocachingu<\/a>\u00a0<del>a dal\u0161\u00edm GEOloka\u010dn\u00edm hr\u00e1m jako je Foursquare, Ingress apod.<\/del> | edit 2015: Foursquare po rozd\u011blen\u00ed na dv\u011b aplikace jsem opustil, stejn\u011b jako Ingress, kter\u00fd v m\u00e9m p\u0159\u00edpad\u011b tak n\u011bjak pomalu monot\u00f3nn\u011b um\u0159el.<\/p>\n<p>K pejskovi a \u017eelv\u011b n\u00e1m ke konci roku 2013 p\u0159ibylo \u010dlov\u011b\u010d\u00ed ml\u00e1d\u011b, Jind\u0159\u00ed\u0161ek. Jeho fotky a videa s n\u00edm najdete na <a title=\"O na\u0161\u00ed rodince\" href=\"http:\/\/www.loudat.cz\" target=\"_blank\" rel=\"noopener\">www.loudat.cz<\/a>.<\/p>\n<p style=\"text-align: left;\">Email: <a href=\"mailto:jakub@loudat.cz\">jakub@loudat.cz<br \/>\n<\/a>Twitter: <a href=\"http:\/\/www.twitter.com\/jakubloudat\" target=\"_blank\" rel=\"noopener\">@jakubloudat<\/a><br \/>\nFacebook: <a href=\"http:\/\/www.facebook.com\/profile.php?id=61555309890764\">www.facebook.com\/profile.php?id=61555309890764<\/a><br \/>\nTel.: 777 568 328<\/p>\n<p><strong>Kancel\u00e1\u0159:<\/strong><br \/>\n\u010cesk\u00e1 25<br \/>\n\u010c. Bud\u011bjovice<\/p>\n","protected":false},"excerpt":{"rendered":"<p>\u010casto nar\u00e1\u017e\u00edm na blogy, kter\u00e9 m\u011b obsahem zaujmou natolik, \u017ee bych se r\u00e1d dozv\u011bd\u011bl n\u011bco v\u00edce o jejich autorovi. Minim\u00e1ln\u011b alespo\u0148 odkud je. A kdy\u017e jsem se rozhl\u00e9dl po sv\u00e9m&#8230;<\/p>\n","protected":false},"author":2,"featured_media":0,"parent":0,"menu_order":0,"comment_status":"open","ping_status":"closed","template":"","meta":{"_monsterinsights_skip_tracking":false,"_monsterinsights_sitenote_active":false,"_monsterinsights_sitenote_note":"","_monsterinsights_sitenote_category":0,"footnotes":""},"class_list":["post-6","page","type-page","status-publish","hentry"],"_links":{"self":[{"href":"https:\/\/loudat.cz\/kublog\/wp-json\/wp\/v2\/pages\/6","targetHints":{"allow":["GET"]}}],"collection":[{"href":"https:\/\/loudat.cz\/kublog\/wp-json\/wp\/v2\/pages"}],"about":[{"href":"https:\/\/loudat.cz\/kublog\/wp-json\/wp\/v2\/types\/page"}],"author":[{"embeddable":true,"href":"https:\/\/loudat.cz\/kublog\/wp-json\/wp\/v2\/users\/2"}],"replies":[{"embeddable":true,"href":"https:\/\/loudat.cz\/kublog\/wp-json\/wp\/v2\/comments?post=6"}],"version-history":[{"count":4,"href":"https:\/\/loudat.cz\/kublog\/wp-json\/wp\/v2\/pages\/6\/revisions"}],"predecessor-version":[{"id":912,"href":"https:\/\/loudat.cz\/kublog\/wp-json\/wp\/v2\/pages\/6\/revisions\/912"}],"wp:attachment":[{"href":"https:\/\/loudat.cz\/kublog\/wp-json\/wp\/v2\/media?parent=6"}],"curies":[{"name":"wp","href":"https:\/\/api.w.org\/{rel}","templated":true}]}}